{"id":50,"date":"2024-03-28T15:46:39","date_gmt":"2024-03-28T14:46:39","guid":{"rendered":"https:\/\/rtte.ovh\/?page_id=50"},"modified":"2024-06-06T18:09:52","modified_gmt":"2024-06-06T16:09:52","slug":"climatisation","status":"publish","type":"page","link":"https:\/\/www.rtte.fr\/index.php\/climatisation\/","title":{"rendered":"Climatisation"},"content":{"rendered":"\n<div class=\"wp-block-media-text is-stacked-on-mobile\"><figure class=\"wp-block-media-text__media\"><img loading=\"lazy\" decoding=\"async\" width=\"1024\" height=\"682\" src=\"http:\/\/rtte.ovh\/wp-content\/uploads\/2024\/03\/climatisation-photo-1024x682.jpeg\" alt=\"\" class=\"wp-image-80 size-full\" srcset=\"https:\/\/www.rtte.fr\/wp-content\/uploads\/2024\/03\/climatisation-photo-1024x682.jpeg 1024w, https:\/\/www.rtte.fr\/wp-content\/uploads\/2024\/03\/climatisation-photo-300x200.jpeg 300w, https:\/\/www.rtte.fr\/wp-content\/uploads\/2024\/03\/climatisation-photo-768x512.jpeg 768w, https:\/\/www.rtte.fr\/wp-content\/uploads\/2024\/03\/climatisation-photo-930x620.jpeg 930w, https:\/\/www.rtte.fr\/wp-content\/uploads\/2024\/03\/climatisation-photo.jpeg 1100w\" sizes=\"auto, (max-width: 1024px) 100vw, 1024px\" \/><\/figure><div class=\"wp-block-media-text__content\">\n<p><strong>Notre technicien en climatisation interviendra pour r\u00e9pondre \u00e0 vos besoins:<\/strong><br>&#8211; installation d&rsquo;unit\u00e9s r\u00e9versibles, monosplits ou multisplits<br>&#8211; entretien des filtres et v\u00e9rification annuelle<br>&#8211; d\u00e9pannage rapide en cas de disfonctionnement<br>&#8211; installation de VMC<\/p>\n<\/div><\/div>\n\n\n\n<div style=\"height:100px\" aria-hidden=\"true\" class=\"wp-block-spacer\"><\/div>\n\n\n\n<h2 class=\"wp-block-heading has-text-align-center\">Nos Chantiers<\/h2>\n\n\n\n<figure class=\"wp-block-gallery has-nested-images columns-default is-cropped wp-block-gallery-1 is-layout-flex wp-block-gallery-is-layout-flex\">\n<figure class=\"wp-block-image size-large\"><img decoding=\"async\" data-id=\"143\" src=\"https:\/\/www.rtte.fr\/wp-content\/uploads\/2024\/06\/20220520_143306.jpg\" alt=\"\" class=\"wp-image-143\"\/><\/figure>\n\n\n\n<figure class=\"wp-block-image size-large\"><img loading=\"lazy\" decoding=\"async\" width=\"1024\" height=\"1024\" data-id=\"145\" src=\"http:\/\/rtte.ovh\/wp-content\/uploads\/2024\/06\/20220520_143333-1024x1024.jpg\" alt=\"\" class=\"wp-image-145\" srcset=\"https:\/\/www.rtte.fr\/wp-content\/uploads\/2024\/06\/20220520_143333-1024x1024.jpg 1024w, https:\/\/www.rtte.fr\/wp-content\/uploads\/2024\/06\/20220520_143333-300x300.jpg 300w, https:\/\/www.rtte.fr\/wp-content\/uploads\/2024\/06\/20220520_143333-150x150.jpg 150w, https:\/\/www.rtte.fr\/wp-content\/uploads\/2024\/06\/20220520_143333-768x768.jpg 768w, https:\/\/www.rtte.fr\/wp-content\/uploads\/2024\/06\/20220520_143333-1536x1536.jpg 1536w, https:\/\/www.rtte.fr\/wp-content\/uploads\/2024\/06\/20220520_143333-2048x2048.jpg 2048w\" sizes=\"auto, (max-width: 1024px) 100vw, 1024px\" \/><\/figure>\n\n\n\n<figure class=\"wp-block-image size-large\"><img loading=\"lazy\" decoding=\"async\" width=\"1024\" height=\"1024\" data-id=\"146\" src=\"https:\/\/www.rtte.fr\/wp-content\/uploads\/2024\/06\/20220929_141634-1024x1024.jpg\" alt=\"\" class=\"wp-image-146\" srcset=\"https:\/\/www.rtte.fr\/wp-content\/uploads\/2024\/06\/20220929_141634-1024x1024.jpg 1024w, https:\/\/www.rtte.fr\/wp-content\/uploads\/2024\/06\/20220929_141634-300x300.jpg 300w, https:\/\/www.rtte.fr\/wp-content\/uploads\/2024\/06\/20220929_141634-150x150.jpg 150w, https:\/\/www.rtte.fr\/wp-content\/uploads\/2024\/06\/20220929_141634-768x768.jpg 768w, https:\/\/www.rtte.fr\/wp-content\/uploads\/2024\/06\/20220929_141634-1536x1536.jpg 1536w, https:\/\/www.rtte.fr\/wp-content\/uploads\/2024\/06\/20220929_141634-2048x2048.jpg 2048w\" sizes=\"auto, (max-width: 1024px) 100vw, 1024px\" \/><\/figure>\n\n\n\n<figure class=\"wp-block-image size-large\"><img loading=\"lazy\" decoding=\"async\" width=\"768\" height=\"1024\" data-id=\"144\" src=\"https:\/\/www.rtte.fr\/wp-content\/uploads\/2024\/06\/IMG_20210831_162344-768x1024.jpg\" alt=\"\" class=\"wp-image-144\" srcset=\"https:\/\/www.rtte.fr\/wp-content\/uploads\/2024\/06\/IMG_20210831_162344-768x1024.jpg 768w, https:\/\/www.rtte.fr\/wp-content\/uploads\/2024\/06\/IMG_20210831_162344-225x300.jpg 225w, https:\/\/www.rtte.fr\/wp-content\/uploads\/2024\/06\/IMG_20210831_162344-1152x1536.jpg 1152w, https:\/\/www.rtte.fr\/wp-content\/uploads\/2024\/06\/IMG_20210831_162344-1536x2048.jpg 1536w, https:\/\/www.rtte.fr\/wp-content\/uploads\/2024\/06\/IMG_20210831_162344-scaled.jpg 1920w\" sizes=\"auto, (max-width: 768px) 100vw, 768px\" \/><\/figure>\n<\/figure>\n","protected":false},"excerpt":{"rendered":"<p>Notre technicien en climatisation interviendra pour r\u00e9pondre \u00e0 vos besoins:&#8211; installation d&rsquo;unit\u00e9s r\u00e9versibles, monosplits ou multisplits&#8211; entretien des filtres et v\u00e9rification annuelle&#8211; d\u00e9pannage rapide en cas de disfonctionnement&#8211; installation de VMC Nos Chantiers<\/p>\n","protected":false},"author":1,"featured_media":0,"parent":0,"menu_order":0,"comment_status":"closed","ping_status":"closed","template":"","meta":{"neve_meta_sidebar":"","neve_meta_container":"","neve_meta_enable_content_width":"","neve_meta_content_width":0,"neve_meta_title_alignment":"","neve_meta_author_avatar":"","neve_post_elements_order":"","neve_meta_disable_header":"","neve_meta_disable_footer":"","neve_meta_disable_title":"","footnotes":""},"class_list":["post-50","page","type-page","status-publish","hentry"],"_links":{"self":[{"href":"https:\/\/www.rtte.fr\/index.php\/wp-json\/wp\/v2\/pages\/50","targetHints":{"allow":["GET"]}}],"collection":[{"href":"https:\/\/www.rtte.fr\/index.php\/wp-json\/wp\/v2\/pages"}],"about":[{"href":"https:\/\/www.rtte.fr\/index.php\/wp-json\/wp\/v2\/types\/page"}],"author":[{"embeddable":true,"href":"https:\/\/www.rtte.fr\/index.php\/wp-json\/wp\/v2\/users\/1"}],"replies":[{"embeddable":true,"href":"https:\/\/www.rtte.fr\/index.php\/wp-json\/wp\/v2\/comments?post=50"}],"version-history":[{"count":6,"href":"https:\/\/www.rtte.fr\/index.php\/wp-json\/wp\/v2\/pages\/50\/revisions"}],"predecessor-version":[{"id":148,"href":"https:\/\/www.rtte.fr\/index.php\/wp-json\/wp\/v2\/pages\/50\/revisions\/148"}],"wp:attachment":[{"href":"https:\/\/www.rtte.fr\/index.php\/wp-json\/wp\/v2\/media?parent=50"}],"curies":[{"name":"wp","href":"https:\/\/api.w.org\/{rel}","templated":true}]}}