{"id":48,"date":"2024-03-28T15:46:39","date_gmt":"2024-03-28T14:46:39","guid":{"rendered":"https:\/\/rtte.ovh\/?page_id=48"},"modified":"2024-06-08T16:46:35","modified_gmt":"2024-06-08T14:46:35","slug":"plomberie","status":"publish","type":"page","link":"https:\/\/www.rtte.fr\/index.php\/plomberie\/","title":{"rendered":"Plomberie"},"content":{"rendered":"\n<div class=\"wp-block-media-text has-media-on-the-right is-stacked-on-mobile\" style=\"grid-template-columns:auto 42%\"><div class=\"wp-block-media-text__content\">\n<p><strong>Notre plombier interviendra pour toute demande de r\u00e9novation<\/strong><br>&#8211; changement d&rsquo;\u00e9quipements sanitaires (douche, baln\u00e9o, wc, lavabo)<br>&#8211; r\u00e9novation du r\u00e9seau d&rsquo;arriv\u00e9 d&rsquo;eau<br>&#8211; r\u00e9novation du r\u00e9seau d&rsquo;\u00e9vacuation des eaux us\u00e9es<br><br><strong>Ainsi que pour toutes vos demandes de d\u00e9pannage en plomberie<\/strong><br>&#8211; recherche et colmatage de fuites<br>&#8211; traitement de canalisations bouch\u00e9es<br>&#8211; changement de chauffe-eaux \u00e9lectriques ou \u00e0 gaz&#8230;<\/p>\n<\/div><figure class=\"wp-block-media-text__media\"><img loading=\"lazy\" decoding=\"async\" width=\"621\" height=\"414\" src=\"http:\/\/rtte.ovh\/wp-content\/uploads\/2024\/03\/plombier.jpg\" alt=\"\" class=\"wp-image-75 size-full\" srcset=\"https:\/\/www.rtte.fr\/wp-content\/uploads\/2024\/03\/plombier.jpg 621w, https:\/\/www.rtte.fr\/wp-content\/uploads\/2024\/03\/plombier-300x200.jpg 300w\" sizes=\"auto, (max-width: 621px) 100vw, 621px\" \/><\/figure><\/div>\n\n\n\n<div style=\"height:100px\" aria-hidden=\"true\" class=\"wp-block-spacer\"><\/div>\n\n\n<div id=\"metaslider-id-293\" style=\"width: 100%;\" class=\"ml-slider-3-90-0 metaslider metaslider-flex metaslider-293 ml-slider ms-theme-default nav-hidden\" role=\"region\" aria-roledescription=\"Slideshow\" aria-label=\"Plomberie\">\n    <div id=\"metaslider_container_293\">\n        <div id=\"metaslider_293\">\n            <ul class='slides'>\n                <li style=\"display: none; width: 100%;\" class=\"slide-307 ms-image \" aria-roledescription=\"slide\" aria-label=\"slide-307\"><img loading=\"lazy\" decoding=\"async\" src=\"https:\/\/www.rtte.fr\/wp-content\/uploads\/2024\/06\/20220928_104937-scaled-550x300.jpg\" height=\"300\" width=\"550\" alt=\"\" class=\"slider-293 slide-307\" title=\"20220928_104937\" \/><\/li>\n                <li style=\"display: none; width: 100%;\" class=\"slide-308 ms-image \" aria-roledescription=\"slide\" aria-label=\"slide-308\"><img loading=\"lazy\" decoding=\"async\" src=\"https:\/\/www.rtte.fr\/wp-content\/uploads\/2024\/06\/20220928_105324-scaled-550x300.jpg\" height=\"300\" width=\"550\" alt=\"\" class=\"slider-293 slide-308\" title=\"20220928_105324\" \/><\/li>\n                <li style=\"display: none; width: 100%;\" class=\"slide-309 ms-image \" aria-roledescription=\"slide\" aria-label=\"slide-309\"><img loading=\"lazy\" decoding=\"async\" src=\"https:\/\/www.rtte.fr\/wp-content\/uploads\/2024\/06\/20220928_105331-scaled-550x300.jpg\" height=\"300\" width=\"550\" alt=\"\" class=\"slider-293 slide-309\" title=\"20220928_105331\" \/><\/li>\n                <li style=\"display: none; width: 100%;\" class=\"slide-310 ms-image \" aria-roledescription=\"slide\" aria-label=\"slide-310\"><img loading=\"lazy\" decoding=\"async\" src=\"https:\/\/www.rtte.fr\/wp-content\/uploads\/2024\/06\/20231024_113000-scaled-550x300.jpg\" height=\"300\" width=\"550\" alt=\"\" class=\"slider-293 slide-310\" title=\"20231024_113000\" \/><\/li>\n                <li style=\"display: none; width: 100%;\" class=\"slide-311 ms-image \" aria-roledescription=\"slide\" aria-label=\"slide-311\"><img loading=\"lazy\" decoding=\"async\" src=\"https:\/\/www.rtte.fr\/wp-content\/uploads\/2024\/06\/20231024_160522-scaled-550x300.jpg\" height=\"300\" width=\"550\" alt=\"\" class=\"slider-293 slide-311\" title=\"20231024_160522\" \/><\/li>\n                <li style=\"display: none; width: 100%;\" class=\"slide-312 ms-image \" aria-roledescription=\"slide\" aria-label=\"slide-312\"><img loading=\"lazy\" decoding=\"async\" src=\"https:\/\/www.rtte.fr\/wp-content\/uploads\/2024\/06\/IMG_20210402_115302-scaled-550x300.jpg\" height=\"300\" width=\"550\" alt=\"\" class=\"slider-293 slide-312\" title=\"IMG_20210402_115302\" \/><\/li>\n                <li style=\"display: none; width: 100%;\" class=\"slide-313 ms-image \" aria-roledescription=\"slide\" aria-label=\"slide-313\"><img loading=\"lazy\" decoding=\"async\" src=\"https:\/\/www.rtte.fr\/wp-content\/uploads\/2024\/06\/IMG_20210402_115305-scaled-550x300.jpg\" height=\"300\" width=\"550\" alt=\"\" class=\"slider-293 slide-313\" title=\"IMG_20210402_115305\" \/><\/li>\n                <li style=\"display: none; width: 100%;\" class=\"slide-314 ms-image \" aria-roledescription=\"slide\" aria-label=\"slide-314\"><img loading=\"lazy\" decoding=\"async\" src=\"https:\/\/www.rtte.fr\/wp-content\/uploads\/2024\/06\/IMG_20210402_115313-scaled-550x300.jpg\" height=\"300\" width=\"550\" alt=\"\" class=\"slider-293 slide-314\" title=\"IMG_20210402_115313\" \/><\/li>\n                <li style=\"display: none; width: 100%;\" class=\"slide-315 ms-image \" aria-roledescription=\"slide\" aria-label=\"slide-315\"><img loading=\"lazy\" decoding=\"async\" src=\"https:\/\/www.rtte.fr\/wp-content\/uploads\/2024\/06\/IMG_20210402_115316-scaled-550x300.jpg\" height=\"300\" width=\"550\" alt=\"\" class=\"slider-293 slide-315\" title=\"IMG_20210402_115316\" \/><\/li>\n                <li style=\"display: none; width: 100%;\" class=\"slide-316 ms-image \" aria-roledescription=\"slide\" aria-label=\"slide-316\"><img loading=\"lazy\" decoding=\"async\" src=\"https:\/\/www.rtte.fr\/wp-content\/uploads\/2024\/06\/IMG_20210402_115335-scaled-550x300.jpg\" height=\"300\" width=\"550\" alt=\"\" class=\"slider-293 slide-316\" title=\"IMG_20210402_115335\" \/><\/li>\n                <li style=\"display: none; width: 100%;\" class=\"slide-317 ms-image \" aria-roledescription=\"slide\" aria-label=\"slide-317\"><img loading=\"lazy\" decoding=\"async\" src=\"https:\/\/www.rtte.fr\/wp-content\/uploads\/2024\/06\/IMG_20210603_081434-scaled-550x300.jpg\" height=\"300\" width=\"550\" alt=\"\" class=\"slider-293 slide-317\" title=\"IMG_20210603_081434\" \/><\/li>\n                <li style=\"display: none; width: 100%;\" class=\"slide-318 ms-image \" aria-roledescription=\"slide\" aria-label=\"slide-318\"><img loading=\"lazy\" decoding=\"async\" src=\"https:\/\/www.rtte.fr\/wp-content\/uploads\/2024\/06\/IMG_20210603_081444-scaled-550x300.jpg\" height=\"300\" width=\"550\" alt=\"\" class=\"slider-293 slide-318\" title=\"IMG_20210603_081444\" \/><\/li>\n                <li style=\"display: none; width: 100%;\" class=\"slide-319 ms-image \" aria-roledescription=\"slide\" aria-label=\"slide-319\"><img loading=\"lazy\" decoding=\"async\" src=\"https:\/\/www.rtte.fr\/wp-content\/uploads\/2024\/06\/IMG_20210603_081451-scaled-550x300.jpg\" height=\"300\" width=\"550\" alt=\"\" class=\"slider-293 slide-319\" title=\"IMG_20210603_081451\" \/><\/li>\n            <\/ul>\n        <\/div>\n        \n    <\/div>\n<\/div>\n","protected":false},"excerpt":{"rendered":"<p>Notre plombier interviendra pour toute demande de r\u00e9novation&#8211; changement d&rsquo;\u00e9quipements sanitaires (douche, baln\u00e9o, wc, lavabo)&#8211; r\u00e9novation du r\u00e9seau d&rsquo;arriv\u00e9 d&rsquo;eau&#8211; r\u00e9novation du r\u00e9seau d&rsquo;\u00e9vacuation des eaux us\u00e9es Ainsi que pour toutes vos demandes de d\u00e9pannage en plomberie&#8211; recherche et colmatage de fuites&#8211; traitement de canalisations bouch\u00e9es&#8211; changement de chauffe-eaux \u00e9lectriques ou \u00e0 gaz&#8230;<\/p>\n","protected":false},"author":1,"featured_media":0,"parent":0,"menu_order":0,"comment_status":"closed","ping_status":"closed","template":"","meta":{"neve_meta_sidebar":"","neve_meta_container":"","neve_meta_enable_content_width":"","neve_meta_content_width":0,"neve_meta_title_alignment":"","neve_meta_author_avatar":"","neve_post_elements_order":"","neve_meta_disable_header":"","neve_meta_disable_footer":"","neve_meta_disable_title":"","footnotes":""},"class_list":["post-48","page","type-page","status-publish","hentry"],"_links":{"self":[{"href":"https:\/\/www.rtte.fr\/index.php\/wp-json\/wp\/v2\/pages\/48","targetHints":{"allow":["GET"]}}],"collection":[{"href":"https:\/\/www.rtte.fr\/index.php\/wp-json\/wp\/v2\/pages"}],"about":[{"href":"https:\/\/www.rtte.fr\/index.php\/wp-json\/wp\/v2\/types\/page"}],"author":[{"embeddable":true,"href":"https:\/\/www.rtte.fr\/index.php\/wp-json\/wp\/v2\/users\/1"}],"replies":[{"embeddable":true,"href":"https:\/\/www.rtte.fr\/index.php\/wp-json\/wp\/v2\/comments?post=48"}],"version-history":[{"count":4,"href":"https:\/\/www.rtte.fr\/index.php\/wp-json\/wp\/v2\/pages\/48\/revisions"}],"predecessor-version":[{"id":320,"href":"https:\/\/www.rtte.fr\/index.php\/wp-json\/wp\/v2\/pages\/48\/revisions\/320"}],"wp:attachment":[{"href":"https:\/\/www.rtte.fr\/index.php\/wp-json\/wp\/v2\/media?parent=48"}],"curies":[{"name":"wp","href":"https:\/\/api.w.org\/{rel}","templated":true}]}}