{"id":26,"date":"2024-03-28T15:36:16","date_gmt":"2024-03-28T14:36:16","guid":{"rendered":"https:\/\/rtte.ovh\/?page_id=26"},"modified":"2024-06-08T16:46:40","modified_gmt":"2024-06-08T14:46:40","slug":"portofolio","status":"publish","type":"page","link":"https:\/\/www.rtte.fr\/index.php\/portofolio\/","title":{"rendered":"R\u00e9novation"},"content":{"rendered":"\n<div class=\"wp-block-cover alignfull is-light\" style=\"min-height:300px;aspect-ratio:unset;\"><span aria-hidden=\"true\" class=\"wp-block-cover__background has-nv-site-bg-background-color has-background-dim-100 has-background-dim\"><\/span><div class=\"wp-block-cover__inner-container is-layout-flow wp-block-cover-is-layout-flow\">\n<div class=\"wp-block-group\"><div class=\"wp-block-group__inner-container is-layout-flow wp-block-group-is-layout-flow\">\n<h3 class=\"wp-block-heading has-text-align-left has-neve-text-color-color has-text-color\">Avant tous travaux de r\u00e9novation, nous prenons un soin tout particulier \u00e0 pr\u00e9parer les parties communes, pour que nos interventions soient aussi satisfaisantes pour vous que pour votre voisinage.<\/h3>\n<\/div><\/div>\n<\/div><\/div>\n\n\n\n<div class=\"wp-block-cover alignfull is-light\" style=\"min-height:600px;aspect-ratio:unset;\"><span aria-hidden=\"true\" class=\"wp-block-cover__background has-nv-light-bg-background-color has-background-dim-100 has-background-dim\"><\/span><div class=\"wp-block-cover__inner-container is-layout-flow wp-block-cover-is-layout-flow\">\n<div class=\"wp-block-group\"><div class=\"wp-block-group__inner-container is-layout-flow wp-block-group-is-layout-flow\">\n<div style=\"height:80px\" aria-hidden=\"true\" class=\"wp-block-spacer\"><\/div>\n\n\n\n<div class=\"wp-block-columns are-vertically-aligned-center is-layout-flex wp-container-core-columns-is-layout-9d6595d7 wp-block-columns-is-layout-flex\">\n<div class=\"wp-block-column is-layout-flow wp-block-column-is-layout-flow\">\n<figure class=\"wp-block-gallery has-nested-images columns-default is-cropped wp-block-gallery-1 is-layout-flex wp-block-gallery-is-layout-flex\">\n<figure class=\"wp-block-image size-large\"><img loading=\"lazy\" decoding=\"async\" width=\"1024\" height=\"1024\" data-id=\"262\" src=\"https:\/\/www.rtte.fr\/wp-content\/uploads\/2024\/06\/20220913_090752-1024x1024.jpg\" alt=\"\" class=\"wp-image-262\" srcset=\"https:\/\/www.rtte.fr\/wp-content\/uploads\/2024\/06\/20220913_090752-1024x1024.jpg 1024w, https:\/\/www.rtte.fr\/wp-content\/uploads\/2024\/06\/20220913_090752-300x300.jpg 300w, https:\/\/www.rtte.fr\/wp-content\/uploads\/2024\/06\/20220913_090752-150x150.jpg 150w, https:\/\/www.rtte.fr\/wp-content\/uploads\/2024\/06\/20220913_090752-768x768.jpg 768w, https:\/\/www.rtte.fr\/wp-content\/uploads\/2024\/06\/20220913_090752-1536x1536.jpg 1536w, https:\/\/www.rtte.fr\/wp-content\/uploads\/2024\/06\/20220913_090752-2048x2048.jpg 2048w\" sizes=\"auto, (max-width: 1024px) 100vw, 1024px\" \/><figcaption class=\"wp-element-caption\">Pr\u00e9paration Chantier\/ Masquage<\/figcaption><\/figure>\n\n\n\n<figure class=\"wp-block-image size-large\"><img loading=\"lazy\" decoding=\"async\" width=\"1024\" height=\"1024\" data-id=\"263\" src=\"https:\/\/www.rtte.fr\/wp-content\/uploads\/2024\/06\/20220913_090758-1024x1024.jpg\" alt=\"\" class=\"wp-image-263\" srcset=\"https:\/\/www.rtte.fr\/wp-content\/uploads\/2024\/06\/20220913_090758-1024x1024.jpg 1024w, https:\/\/www.rtte.fr\/wp-content\/uploads\/2024\/06\/20220913_090758-300x300.jpg 300w, https:\/\/www.rtte.fr\/wp-content\/uploads\/2024\/06\/20220913_090758-150x150.jpg 150w, https:\/\/www.rtte.fr\/wp-content\/uploads\/2024\/06\/20220913_090758-768x768.jpg 768w, https:\/\/www.rtte.fr\/wp-content\/uploads\/2024\/06\/20220913_090758-1536x1536.jpg 1536w, https:\/\/www.rtte.fr\/wp-content\/uploads\/2024\/06\/20220913_090758-2048x2048.jpg 2048w\" sizes=\"auto, (max-width: 1024px) 100vw, 1024px\" \/><figcaption class=\"wp-element-caption\">Pr\u00e9paration Chantier\/ Masquage<\/figcaption><\/figure>\n\n\n\n<figure class=\"wp-block-image size-large\"><img loading=\"lazy\" decoding=\"async\" width=\"1024\" height=\"1024\" data-id=\"264\" src=\"https:\/\/www.rtte.fr\/wp-content\/uploads\/2024\/06\/20220913_090819-1024x1024.jpg\" alt=\"\" class=\"wp-image-264\" srcset=\"https:\/\/www.rtte.fr\/wp-content\/uploads\/2024\/06\/20220913_090819-1024x1024.jpg 1024w, https:\/\/www.rtte.fr\/wp-content\/uploads\/2024\/06\/20220913_090819-300x300.jpg 300w, https:\/\/www.rtte.fr\/wp-content\/uploads\/2024\/06\/20220913_090819-150x150.jpg 150w, https:\/\/www.rtte.fr\/wp-content\/uploads\/2024\/06\/20220913_090819-768x768.jpg 768w, https:\/\/www.rtte.fr\/wp-content\/uploads\/2024\/06\/20220913_090819-1536x1536.jpg 1536w, https:\/\/www.rtte.fr\/wp-content\/uploads\/2024\/06\/20220913_090819-2048x2048.jpg 2048w\" sizes=\"auto, (max-width: 1024px) 100vw, 1024px\" \/><figcaption class=\"wp-element-caption\">Pr\u00e9paration Chantier\/ Masquage<\/figcaption><\/figure>\n\n\n\n<figure class=\"wp-block-image size-large\"><img loading=\"lazy\" decoding=\"async\" width=\"1024\" height=\"1024\" data-id=\"265\" src=\"https:\/\/www.rtte.fr\/wp-content\/uploads\/2024\/06\/20220927_111001-1024x1024.jpg\" alt=\"\" class=\"wp-image-265\" srcset=\"https:\/\/www.rtte.fr\/wp-content\/uploads\/2024\/06\/20220927_111001-1024x1024.jpg 1024w, https:\/\/www.rtte.fr\/wp-content\/uploads\/2024\/06\/20220927_111001-300x300.jpg 300w, https:\/\/www.rtte.fr\/wp-content\/uploads\/2024\/06\/20220927_111001-150x150.jpg 150w, https:\/\/www.rtte.fr\/wp-content\/uploads\/2024\/06\/20220927_111001-768x768.jpg 768w, https:\/\/www.rtte.fr\/wp-content\/uploads\/2024\/06\/20220927_111001-1536x1536.jpg 1536w, https:\/\/www.rtte.fr\/wp-content\/uploads\/2024\/06\/20220927_111001-2048x2048.jpg 2048w\" sizes=\"auto, (max-width: 1024px) 100vw, 1024px\" \/><figcaption class=\"wp-element-caption\">Pr\u00e9paration Chantier\/ Masquage<\/figcaption><\/figure>\n\n\n\n<figure class=\"wp-block-image size-large\"><img loading=\"lazy\" decoding=\"async\" width=\"1024\" height=\"1024\" data-id=\"266\" src=\"https:\/\/www.rtte.fr\/wp-content\/uploads\/2024\/06\/20220927_111014-1024x1024.jpg\" alt=\"\" class=\"wp-image-266\" srcset=\"https:\/\/www.rtte.fr\/wp-content\/uploads\/2024\/06\/20220927_111014-1024x1024.jpg 1024w, https:\/\/www.rtte.fr\/wp-content\/uploads\/2024\/06\/20220927_111014-300x300.jpg 300w, https:\/\/www.rtte.fr\/wp-content\/uploads\/2024\/06\/20220927_111014-150x150.jpg 150w, https:\/\/www.rtte.fr\/wp-content\/uploads\/2024\/06\/20220927_111014-768x768.jpg 768w, https:\/\/www.rtte.fr\/wp-content\/uploads\/2024\/06\/20220927_111014-1536x1536.jpg 1536w, https:\/\/www.rtte.fr\/wp-content\/uploads\/2024\/06\/20220927_111014-2048x2048.jpg 2048w\" sizes=\"auto, (max-width: 1024px) 100vw, 1024px\" \/><figcaption class=\"wp-element-caption\">Pr\u00e9paration Chantier\/ Masquage<\/figcaption><\/figure>\n\n\n\n<figure class=\"wp-block-image size-large\"><img loading=\"lazy\" decoding=\"async\" width=\"1024\" height=\"1024\" data-id=\"267\" src=\"https:\/\/www.rtte.fr\/wp-content\/uploads\/2024\/06\/20220927_111035-1024x1024.jpg\" alt=\"\" class=\"wp-image-267\" srcset=\"https:\/\/www.rtte.fr\/wp-content\/uploads\/2024\/06\/20220927_111035-1024x1024.jpg 1024w, https:\/\/www.rtte.fr\/wp-content\/uploads\/2024\/06\/20220927_111035-300x300.jpg 300w, https:\/\/www.rtte.fr\/wp-content\/uploads\/2024\/06\/20220927_111035-150x150.jpg 150w, https:\/\/www.rtte.fr\/wp-content\/uploads\/2024\/06\/20220927_111035-768x768.jpg 768w, https:\/\/www.rtte.fr\/wp-content\/uploads\/2024\/06\/20220927_111035-1536x1536.jpg 1536w, https:\/\/www.rtte.fr\/wp-content\/uploads\/2024\/06\/20220927_111035-2048x2048.jpg 2048w\" sizes=\"auto, (max-width: 1024px) 100vw, 1024px\" \/><figcaption class=\"wp-element-caption\">Pr\u00e9paration Chantier\/ Masquage<\/figcaption><\/figure>\n\n\n\n<figure class=\"wp-block-image size-large\"><img loading=\"lazy\" decoding=\"async\" width=\"1024\" height=\"1024\" data-id=\"268\" src=\"https:\/\/www.rtte.fr\/wp-content\/uploads\/2024\/06\/20220927_111046-1024x1024.jpg\" alt=\"\" class=\"wp-image-268\" srcset=\"https:\/\/www.rtte.fr\/wp-content\/uploads\/2024\/06\/20220927_111046-1024x1024.jpg 1024w, https:\/\/www.rtte.fr\/wp-content\/uploads\/2024\/06\/20220927_111046-300x300.jpg 300w, https:\/\/www.rtte.fr\/wp-content\/uploads\/2024\/06\/20220927_111046-150x150.jpg 150w, https:\/\/www.rtte.fr\/wp-content\/uploads\/2024\/06\/20220927_111046-768x768.jpg 768w, https:\/\/www.rtte.fr\/wp-content\/uploads\/2024\/06\/20220927_111046-1536x1536.jpg 1536w, https:\/\/www.rtte.fr\/wp-content\/uploads\/2024\/06\/20220927_111046-2048x2048.jpg 2048w\" sizes=\"auto, (max-width: 1024px) 100vw, 1024px\" \/><figcaption class=\"wp-element-caption\">Pr\u00e9paration Chantier\/ Masquage<\/figcaption><\/figure>\n\n\n\n<figure class=\"wp-block-image size-large\"><img loading=\"lazy\" decoding=\"async\" width=\"1024\" height=\"1024\" data-id=\"269\" src=\"https:\/\/www.rtte.fr\/wp-content\/uploads\/2024\/06\/20220927_111055-1024x1024.jpg\" alt=\"\" class=\"wp-image-269\" srcset=\"https:\/\/www.rtte.fr\/wp-content\/uploads\/2024\/06\/20220927_111055-1024x1024.jpg 1024w, https:\/\/www.rtte.fr\/wp-content\/uploads\/2024\/06\/20220927_111055-300x300.jpg 300w, https:\/\/www.rtte.fr\/wp-content\/uploads\/2024\/06\/20220927_111055-150x150.jpg 150w, https:\/\/www.rtte.fr\/wp-content\/uploads\/2024\/06\/20220927_111055-768x768.jpg 768w, https:\/\/www.rtte.fr\/wp-content\/uploads\/2024\/06\/20220927_111055-1536x1536.jpg 1536w, https:\/\/www.rtte.fr\/wp-content\/uploads\/2024\/06\/20220927_111055-2048x2048.jpg 2048w\" sizes=\"auto, (max-width: 1024px) 100vw, 1024px\" \/><figcaption class=\"wp-element-caption\">Pr\u00e9paration Chantier\/ Masquage<\/figcaption><\/figure>\n\n\n\n<figure class=\"wp-block-image size-large\"><img loading=\"lazy\" decoding=\"async\" width=\"1024\" height=\"1024\" data-id=\"270\" src=\"https:\/\/www.rtte.fr\/wp-content\/uploads\/2024\/06\/20220927_111101-1024x1024.jpg\" alt=\"\" class=\"wp-image-270\" srcset=\"https:\/\/www.rtte.fr\/wp-content\/uploads\/2024\/06\/20220927_111101-1024x1024.jpg 1024w, https:\/\/www.rtte.fr\/wp-content\/uploads\/2024\/06\/20220927_111101-300x300.jpg 300w, https:\/\/www.rtte.fr\/wp-content\/uploads\/2024\/06\/20220927_111101-150x150.jpg 150w, https:\/\/www.rtte.fr\/wp-content\/uploads\/2024\/06\/20220927_111101-768x768.jpg 768w, https:\/\/www.rtte.fr\/wp-content\/uploads\/2024\/06\/20220927_111101-1536x1536.jpg 1536w, https:\/\/www.rtte.fr\/wp-content\/uploads\/2024\/06\/20220927_111101-2048x2048.jpg 2048w\" sizes=\"auto, (max-width: 1024px) 100vw, 1024px\" \/><figcaption class=\"wp-element-caption\">Pr\u00e9paration Chantier\/ Masquage<\/figcaption><\/figure>\n\n\n\n<figure class=\"wp-block-image size-large\"><img loading=\"lazy\" decoding=\"async\" width=\"1024\" height=\"1024\" data-id=\"271\" src=\"https:\/\/www.rtte.fr\/wp-content\/uploads\/2024\/06\/20220929_141558-1024x1024.jpg\" alt=\"\" class=\"wp-image-271\" srcset=\"https:\/\/www.rtte.fr\/wp-content\/uploads\/2024\/06\/20220929_141558-1024x1024.jpg 1024w, https:\/\/www.rtte.fr\/wp-content\/uploads\/2024\/06\/20220929_141558-300x300.jpg 300w, https:\/\/www.rtte.fr\/wp-content\/uploads\/2024\/06\/20220929_141558-150x150.jpg 150w, https:\/\/www.rtte.fr\/wp-content\/uploads\/2024\/06\/20220929_141558-768x768.jpg 768w, https:\/\/www.rtte.fr\/wp-content\/uploads\/2024\/06\/20220929_141558-1536x1536.jpg 1536w, https:\/\/www.rtte.fr\/wp-content\/uploads\/2024\/06\/20220929_141558-2048x2048.jpg 2048w\" sizes=\"auto, (max-width: 1024px) 100vw, 1024px\" \/><figcaption class=\"wp-element-caption\">Pr\u00e9paration Chantier\/ Masquage<\/figcaption><\/figure>\n\n\n\n<figure class=\"wp-block-image size-large\"><img loading=\"lazy\" decoding=\"async\" width=\"1024\" height=\"1024\" data-id=\"272\" src=\"https:\/\/www.rtte.fr\/wp-content\/uploads\/2024\/06\/20220929_141607-1024x1024.jpg\" alt=\"\" class=\"wp-image-272\" srcset=\"https:\/\/www.rtte.fr\/wp-content\/uploads\/2024\/06\/20220929_141607-1024x1024.jpg 1024w, https:\/\/www.rtte.fr\/wp-content\/uploads\/2024\/06\/20220929_141607-300x300.jpg 300w, https:\/\/www.rtte.fr\/wp-content\/uploads\/2024\/06\/20220929_141607-150x150.jpg 150w, https:\/\/www.rtte.fr\/wp-content\/uploads\/2024\/06\/20220929_141607-768x768.jpg 768w, https:\/\/www.rtte.fr\/wp-content\/uploads\/2024\/06\/20220929_141607-1536x1536.jpg 1536w, https:\/\/www.rtte.fr\/wp-content\/uploads\/2024\/06\/20220929_141607-2048x2048.jpg 2048w\" sizes=\"auto, (max-width: 1024px) 100vw, 1024px\" \/><figcaption class=\"wp-element-caption\">Pr\u00e9paration Chantier\/ Masquage<\/figcaption><\/figure>\n<\/figure>\n<\/div>\n<\/div>\n\n\n<div id=\"metaslider-id-273\" style=\"width: 100%;\" class=\"ml-slider-3-90-0 metaslider metaslider-flex metaslider-273 ml-slider ms-theme-default nav-hidden\" role=\"region\" aria-roledescription=\"Slideshow\" aria-label=\"Protection parties communes\">\n    <div id=\"metaslider_container_273\">\n        <div id=\"metaslider_273\">\n            <ul class='slides'>\n                <li style=\"display: none; width: 100%;\" class=\"slide-283 ms-image \" aria-roledescription=\"slide\" aria-label=\"slide-283\"><img loading=\"lazy\" decoding=\"async\" src=\"https:\/\/www.rtte.fr\/wp-content\/uploads\/2024\/06\/20220912_142009-scaled-450x300.jpg\" height=\"300\" width=\"450\" alt=\"\" class=\"slider-273 slide-283\" title=\"20220912_142009\" \/><\/li>\n                <li style=\"display: none; width: 100%;\" class=\"slide-284 ms-image \" aria-roledescription=\"slide\" aria-label=\"slide-284\"><img loading=\"lazy\" decoding=\"async\" src=\"https:\/\/www.rtte.fr\/wp-content\/uploads\/2024\/06\/20220912_142015-scaled-450x300.jpg\" height=\"300\" width=\"450\" alt=\"\" class=\"slider-273 slide-284\" title=\"20220912_142015\" \/><\/li>\n                <li style=\"display: none; width: 100%;\" class=\"slide-285 ms-image \" aria-roledescription=\"slide\" aria-label=\"slide-285\"><img loading=\"lazy\" decoding=\"async\" src=\"https:\/\/www.rtte.fr\/wp-content\/uploads\/2024\/06\/20220912_142018-scaled-450x300.jpg\" height=\"300\" width=\"450\" alt=\"\" class=\"slider-273 slide-285\" title=\"20220912_142018\" \/><\/li>\n                <li style=\"display: none; width: 100%;\" class=\"slide-286 ms-image \" aria-roledescription=\"slide\" aria-label=\"slide-286\"><img loading=\"lazy\" decoding=\"async\" src=\"https:\/\/www.rtte.fr\/wp-content\/uploads\/2024\/06\/20220912_142047-scaled-450x300.jpg\" height=\"300\" width=\"450\" alt=\"\" class=\"slider-273 slide-286\" title=\"20220912_142047\" \/><\/li>\n                <li style=\"display: none; width: 100%;\" class=\"slide-287 ms-image \" aria-roledescription=\"slide\" aria-label=\"slide-287\"><img loading=\"lazy\" decoding=\"async\" src=\"https:\/\/www.rtte.fr\/wp-content\/uploads\/2024\/06\/20220912_142052-scaled-450x300.jpg\" height=\"300\" width=\"450\" alt=\"\" class=\"slider-273 slide-287\" title=\"20220912_142052\" \/><\/li>\n                <li style=\"display: none; width: 100%;\" class=\"slide-288 ms-image \" aria-roledescription=\"slide\" aria-label=\"slide-288\"><img loading=\"lazy\" decoding=\"async\" src=\"https:\/\/www.rtte.fr\/wp-content\/uploads\/2024\/06\/20220912_142100-scaled-450x300.jpg\" height=\"300\" width=\"450\" alt=\"\" class=\"slider-273 slide-288\" title=\"20220912_142100\" \/><\/li>\n                <li style=\"display: none; width: 100%;\" class=\"slide-289 ms-image \" aria-roledescription=\"slide\" aria-label=\"slide-289\"><img loading=\"lazy\" decoding=\"async\" src=\"https:\/\/www.rtte.fr\/wp-content\/uploads\/2024\/06\/20220915_100104-scaled-450x300.jpg\" height=\"300\" width=\"450\" alt=\"\" class=\"slider-273 slide-289\" title=\"20220915_100104\" \/><\/li>\n                <li style=\"display: none; width: 100%;\" class=\"slide-290 ms-image \" aria-roledescription=\"slide\" aria-label=\"slide-290\"><img loading=\"lazy\" decoding=\"async\" src=\"https:\/\/www.rtte.fr\/wp-content\/uploads\/2024\/06\/20220915_100107-scaled-450x300.jpg\" height=\"300\" width=\"450\" alt=\"\" class=\"slider-273 slide-290\" title=\"20220915_100107\" \/><\/li>\n                <li style=\"display: none; width: 100%;\" class=\"slide-291 ms-image \" aria-roledescription=\"slide\" aria-label=\"slide-291\"><img loading=\"lazy\" decoding=\"async\" src=\"https:\/\/www.rtte.fr\/wp-content\/uploads\/2024\/06\/20220915_100119-scaled-450x300.jpg\" height=\"300\" width=\"450\" alt=\"\" class=\"slider-273 slide-291\" title=\"20220915_100119\" \/><\/li>\n            <\/ul>\n        <\/div>\n        \n    <\/div>\n<\/div>\n\n\n\n<div style=\"height:40px\" aria-hidden=\"true\" class=\"wp-block-spacer\"><\/div>\n<\/div><\/div>\n<\/div><\/div>\n","protected":false},"excerpt":{"rendered":"","protected":false},"author":1,"featured_media":0,"parent":0,"menu_order":0,"comment_status":"closed","ping_status":"closed","template":"","meta":{"neve_meta_sidebar":"","neve_meta_container":"","neve_meta_enable_content_width":"on","neve_meta_content_width":100,"neve_meta_title_alignment":"","neve_meta_author_avatar":"","neve_post_elements_order":"","neve_meta_disable_header":"","neve_meta_disable_footer":"","neve_meta_disable_title":"on","footnotes":""},"class_list":["post-26","page","type-page","status-publish","hentry"],"_links":{"self":[{"href":"https:\/\/www.rtte.fr\/index.php\/wp-json\/wp\/v2\/pages\/26","targetHints":{"allow":["GET"]}}],"collection":[{"href":"https:\/\/www.rtte.fr\/index.php\/wp-json\/wp\/v2\/pages"}],"about":[{"href":"https:\/\/www.rtte.fr\/index.php\/wp-json\/wp\/v2\/types\/page"}],"author":[{"embeddable":true,"href":"https:\/\/www.rtte.fr\/index.php\/wp-json\/wp\/v2\/users\/1"}],"replies":[{"embeddable":true,"href":"https:\/\/www.rtte.fr\/index.php\/wp-json\/wp\/v2\/comments?post=26"}],"version-history":[{"count":2,"href":"https:\/\/www.rtte.fr\/index.php\/wp-json\/wp\/v2\/pages\/26\/revisions"}],"predecessor-version":[{"id":292,"href":"https:\/\/www.rtte.fr\/index.php\/wp-json\/wp\/v2\/pages\/26\/revisions\/292"}],"wp:attachment":[{"href":"https:\/\/www.rtte.fr\/index.php\/wp-json\/wp\/v2\/media?parent=26"}],"curies":[{"name":"wp","href":"https:\/\/api.w.org\/{rel}","templated":true}]}}