{"id":23,"date":"2024-03-28T15:36:16","date_gmt":"2024-03-28T14:36:16","guid":{"rendered":"https:\/\/rtte.ovh\/?page_id=23"},"modified":"2024-06-08T16:46:29","modified_gmt":"2024-06-08T14:46:29","slug":"accueil","status":"publish","type":"page","link":"https:\/\/www.rtte.fr\/","title":{"rendered":"Accueil"},"content":{"rendered":"\n<div class=\"wp-block-cover alignfull is-light wp-duotone-rgba515151084-ccc-1\" style=\"min-height:794px;aspect-ratio:unset;\"><span aria-hidden=\"true\" class=\"wp-block-cover__background has-background-dim-0 has-background-dim\" style=\"background-color:#aca6a4\"><\/span><img loading=\"lazy\" decoding=\"async\" width=\"1680\" height=\"840\" class=\"wp-block-cover__image-background wp-image-65\" alt=\"\" src=\"http:\/\/rtte.ovh\/wp-content\/uploads\/2024\/03\/Construction.jpg\" data-object-fit=\"cover\" srcset=\"https:\/\/www.rtte.fr\/wp-content\/uploads\/2024\/03\/Construction.jpg 1680w, https:\/\/www.rtte.fr\/wp-content\/uploads\/2024\/03\/Construction-300x150.jpg 300w, https:\/\/www.rtte.fr\/wp-content\/uploads\/2024\/03\/Construction-1024x512.jpg 1024w, https:\/\/www.rtte.fr\/wp-content\/uploads\/2024\/03\/Construction-768x384.jpg 768w, https:\/\/www.rtte.fr\/wp-content\/uploads\/2024\/03\/Construction-1536x768.jpg 1536w\" sizes=\"auto, (max-width: 1680px) 100vw, 1680px\" \/><div class=\"wp-block-cover__inner-container is-layout-flow wp-block-cover-is-layout-flow\">\n<div style=\"height:41px\" aria-hidden=\"true\" class=\"wp-block-spacer\"><\/div>\n\n\n\n<p><\/p>\n\n\n\n<h1 class=\"wp-block-heading has-text-align-center has-text-color\" style=\"color:#121212\">R\u00e9novation Tout Corps d&rsquo;Etat<\/h1>\n\n\n\n<h3 class=\"wp-block-heading has-text-align-center\">UN SEUL INTERLOCUTEUR PRES DE CHEZ VOUS<br>POUR TOUS VOS TRAVAUX DE RENOVATION<\/h3>\n\n\n\n<div class=\"wp-block-buttons is-content-justification-center is-layout-flex wp-container-core-buttons-is-layout-16018d1d wp-block-buttons-is-layout-flex\">\n<div class=\"wp-block-button is-style-primary\"><a class=\"wp-block-button__link wp-element-button\" href=\"https:\/\/www.rtte.fr\/index.php\/maconnerie\/\">RENOVATION<\/a><\/div>\n\n\n\n<div class=\"wp-block-button is-style-secondary\"><a class=\"wp-block-button__link wp-element-button\" href=\"https:\/\/www.rtte.fr\/index.php\/details-du-projet\/\" target=\"_blank\" rel=\"noreferrer noopener\">DEPANNAGE<\/a><\/div>\n<\/div>\n\n\n\n<div style=\"height:80px\" aria-hidden=\"true\" class=\"wp-block-spacer\"><\/div>\n\n\n\n<div style=\"height:21px\" aria-hidden=\"true\" class=\"wp-block-spacer\"><\/div>\n<\/div><\/div>\n\n\n\n<div style=\"height:80px\" aria-hidden=\"true\" class=\"wp-block-spacer\"><\/div>\n\n\n\n<div class=\"wp-block-columns is-layout-flex wp-container-core-columns-is-layout-9d6595d7 wp-block-columns-is-layout-flex\">\n<div class=\"wp-block-column is-layout-flow wp-block-column-is-layout-flow\"><div class=\"wp-block-image icon-style is-style-default\">\n<figure class=\"aligncenter size-full is-resized\"><img loading=\"lazy\" decoding=\"async\" width=\"123\" height=\"171\" src=\"https:\/\/www.rtte.fr\/wp-content\/uploads\/2024\/03\/plomberie-1.jpg\" alt=\"\" class=\"wp-image-68\" style=\"aspect-ratio:1;width:114px;height:auto\"\/><\/figure>\n<\/div>\n\n\n<div style=\"height:20px\" aria-hidden=\"true\" class=\"wp-block-spacer\"><\/div>\n\n\n\n<h3 class=\"wp-block-heading has-text-align-center has-neve-text-color-color has-text-color\">PLOMBERIE<\/h3>\n\n\n\n<p class=\"has-text-align-center\">Installation salle d&rsquo;eau, WC, recherche de fuite<\/p>\n\n\n\n<div style=\"height:20px\" aria-hidden=\"true\" class=\"wp-block-spacer\"><\/div>\n<\/div>\n\n\n\n<div class=\"wp-block-column is-layout-flow wp-block-column-is-layout-flow\"><div class=\"wp-block-image icon-style is-style-default\">\n<figure class=\"aligncenter size-full is-resized\"><img loading=\"lazy\" decoding=\"async\" width=\"650\" height=\"627\" src=\"https:\/\/www.rtte.fr\/wp-content\/uploads\/2024\/03\/AC-logo.jpg\" alt=\"\" class=\"wp-image-69\" style=\"aspect-ratio:1;width:118px;height:auto\" srcset=\"https:\/\/www.rtte.fr\/wp-content\/uploads\/2024\/03\/AC-logo.jpg 650w, https:\/\/www.rtte.fr\/wp-content\/uploads\/2024\/03\/AC-logo-300x289.jpg 300w\" sizes=\"auto, (max-width: 650px) 100vw, 650px\" \/><\/figure>\n<\/div>\n\n\n<div style=\"height:20px\" aria-hidden=\"true\" class=\"wp-block-spacer\"><\/div>\n\n\n\n<h3 class=\"wp-block-heading has-text-align-center has-neve-text-color-color has-text-color\">CLIMATISATION<\/h3>\n\n\n\n<p class=\"has-text-align-center\">Climatisation, Chauffage, Syst\u00e8me R\u00e9versible<\/p>\n\n\n\n<div style=\"height:20px\" aria-hidden=\"true\" class=\"wp-block-spacer\"><\/div>\n<\/div>\n\n\n\n<div class=\"wp-block-column is-layout-flow wp-block-column-is-layout-flow\"><div class=\"wp-block-image icon-style is-style-rounded\">\n<figure class=\"aligncenter size-full is-resized\"><img loading=\"lazy\" decoding=\"async\" width=\"920\" height=\"920\" src=\"https:\/\/www.rtte.fr\/wp-content\/uploads\/2024\/03\/elec-logo-1.png\" alt=\"\" class=\"wp-image-71\" style=\"width:116px;height:auto\" srcset=\"https:\/\/www.rtte.fr\/wp-content\/uploads\/2024\/03\/elec-logo-1.png 920w, https:\/\/www.rtte.fr\/wp-content\/uploads\/2024\/03\/elec-logo-1-300x300.png 300w, https:\/\/www.rtte.fr\/wp-content\/uploads\/2024\/03\/elec-logo-1-150x150.png 150w, https:\/\/www.rtte.fr\/wp-content\/uploads\/2024\/03\/elec-logo-1-768x768.png 768w\" sizes=\"auto, (max-width: 920px) 100vw, 920px\" \/><\/figure>\n<\/div>\n\n\n<div style=\"height:20px\" aria-hidden=\"true\" class=\"wp-block-spacer\"><\/div>\n\n\n\n<h3 class=\"wp-block-heading has-text-align-center has-neve-text-color-color has-text-color\">ELECTRICITE<\/h3>\n\n\n\n<p class=\"has-text-align-center\">Installation neuve, Renovation, D\u00e9pannage<\/p>\n\n\n\n<div style=\"height:20px\" aria-hidden=\"true\" class=\"wp-block-spacer\"><\/div>\n<\/div>\n<\/div>\n\n\n\n<div style=\"height:80px\" aria-hidden=\"true\" class=\"wp-block-spacer\"><\/div>\n\n\n\n<div class=\"wp-block-cover alignfull is-light\" style=\"min-height:600px;aspect-ratio:unset;\"><span aria-hidden=\"true\" class=\"wp-block-cover__background has-nv-light-bg-background-color has-background-dim-100 has-background-dim\"><\/span><div class=\"wp-block-cover__inner-container is-layout-flow wp-block-cover-is-layout-flow\">\n<div class=\"wp-block-group\"><div class=\"wp-block-group__inner-container is-layout-flow wp-block-group-is-layout-flow\">\n<div style=\"height:80px\" aria-hidden=\"true\" class=\"wp-block-spacer\"><\/div>\n\n\n\n<div class=\"wp-block-columns are-vertically-aligned-center is-layout-flex wp-container-core-columns-is-layout-9d6595d7 wp-block-columns-is-layout-flex\">\n<div class=\"wp-block-column is-vertically-aligned-center is-layout-flow wp-block-column-is-layout-flow\" style=\"flex-basis:50%\">\n<figure class=\"wp-block-image size-large\"><img loading=\"lazy\" decoding=\"async\" width=\"1024\" height=\"1024\" src=\"http:\/\/rtte.ovh\/wp-content\/uploads\/2024\/06\/20240221_154325-1024x1024.jpg\" alt=\"\" class=\"wp-image-255\" srcset=\"https:\/\/www.rtte.fr\/wp-content\/uploads\/2024\/06\/20240221_154325-1024x1024.jpg 1024w, https:\/\/www.rtte.fr\/wp-content\/uploads\/2024\/06\/20240221_154325-300x300.jpg 300w, https:\/\/www.rtte.fr\/wp-content\/uploads\/2024\/06\/20240221_154325-150x150.jpg 150w, https:\/\/www.rtte.fr\/wp-content\/uploads\/2024\/06\/20240221_154325-768x768.jpg 768w, https:\/\/www.rtte.fr\/wp-content\/uploads\/2024\/06\/20240221_154325-1536x1536.jpg 1536w, https:\/\/www.rtte.fr\/wp-content\/uploads\/2024\/06\/20240221_154325-2048x2048.jpg 2048w\" sizes=\"auto, (max-width: 1024px) 100vw, 1024px\" \/><\/figure>\n<\/div>\n\n\n\n<div class=\"wp-block-column is-vertically-aligned-center is-layout-flow wp-block-column-is-layout-flow\" style=\"flex-basis:50%\">\n<div style=\"height:20px\" aria-hidden=\"true\" class=\"wp-block-spacer\"><\/div>\n\n\n\n<h2 class=\"wp-block-heading has-text-align-left has-neve-text-color-color has-text-color\">RENOVATION<\/h2>\n\n\n\n<p class=\"has-text-align-left has-neve-text-color-color has-text-color\" style=\"font-size:17px\">Vous avez un projet de r\u00e9novation ? RTTE vous propose un seul interlocuteur pour tous les corps d&rsquo;\u00e9tat<\/p>\n\n\n\n<div class=\"wp-block-buttons is-content-justification-left is-layout-flex wp-container-core-buttons-is-layout-fdcfc74e wp-block-buttons-is-layout-flex\">\n<div class=\"wp-block-button is-style-primary\"><a class=\"wp-block-button__link wp-element-button\" href=\"https:\/\/www.rtte.fr\/index.php\/contact\/\">Demander un devis<\/a><\/div>\n<\/div>\n<\/div>\n<\/div>\n\n\n\n<div style=\"height:40px\" aria-hidden=\"true\" class=\"wp-block-spacer\"><\/div>\n<\/div><\/div>\n<\/div><\/div>\n\n\n\n<div class=\"wp-block-cover alignfull is-light\" style=\"min-height:600px;aspect-ratio:unset;\"><span aria-hidden=\"true\" class=\"wp-block-cover__background has-nv-site-bg-background-color has-background-dim-100 has-background-dim\"><\/span><div class=\"wp-block-cover__inner-container is-layout-flow wp-block-cover-is-layout-flow\">\n<div class=\"wp-block-group\"><div class=\"wp-block-group__inner-container is-layout-flow wp-block-group-is-layout-flow\">\n<div style=\"height:80px\" aria-hidden=\"true\" class=\"wp-block-spacer\"><\/div>\n\n\n\n<div class=\"wp-block-columns are-vertically-aligned-center is-layout-flex wp-container-core-columns-is-layout-9d6595d7 wp-block-columns-is-layout-flex\">\n<div class=\"wp-block-column is-vertically-aligned-center is-layout-flow wp-block-column-is-layout-flow\" style=\"flex-basis:50%\">\n<h2 class=\"wp-block-heading has-text-align-left has-neve-text-color-color has-text-color\">DEPANNAGE<\/h2>\n\n\n\n<p class=\"has-text-align-left has-neve-text-color-color has-text-color\" style=\"font-size:17px\">D\u00e9pannage urgent, electricit\u00e9, fuite d&rsquo;eau, climatisation etc<\/p>\n\n\n\n<div class=\"wp-block-buttons is-content-justification-left is-layout-flex wp-container-core-buttons-is-layout-fdcfc74e wp-block-buttons-is-layout-flex\">\n<div class=\"wp-block-button is-style-primary\"><a class=\"wp-block-button__link wp-element-button\" href=\"https:\/\/www.rtte.fr\/index.php\/contact\/\">Demande de d\u00e9pannage<\/a><\/div>\n\n\n\n<div class=\"wp-block-button is-style-primary\"><a class=\"wp-block-button__link wp-element-button\" href=\"#\">Appelez directement 06 77 77 88 77<\/a><\/div>\n<\/div>\n\n\n\n<div style=\"height:40px\" aria-hidden=\"true\" class=\"wp-block-spacer\"><\/div>\n<\/div>\n\n\n\n<div class=\"wp-block-column is-vertically-aligned-center is-layout-flow wp-block-column-is-layout-flow\" style=\"flex-basis:50%\">\n<figure class=\"wp-block-image size-full is-resized\"><img loading=\"lazy\" decoding=\"async\" width=\"2560\" height=\"2560\" src=\"https:\/\/www.rtte.fr\/wp-content\/uploads\/2024\/06\/20221026_120744-scaled.jpg\" alt=\"\" class=\"wp-image-253\" style=\"width:572px;height:auto\" srcset=\"https:\/\/www.rtte.fr\/wp-content\/uploads\/2024\/06\/20221026_120744-scaled.jpg 2560w, https:\/\/www.rtte.fr\/wp-content\/uploads\/2024\/06\/20221026_120744-300x300.jpg 300w, https:\/\/www.rtte.fr\/wp-content\/uploads\/2024\/06\/20221026_120744-1024x1024.jpg 1024w, https:\/\/www.rtte.fr\/wp-content\/uploads\/2024\/06\/20221026_120744-150x150.jpg 150w, https:\/\/www.rtte.fr\/wp-content\/uploads\/2024\/06\/20221026_120744-768x768.jpg 768w, https:\/\/www.rtte.fr\/wp-content\/uploads\/2024\/06\/20221026_120744-1536x1536.jpg 1536w, https:\/\/www.rtte.fr\/wp-content\/uploads\/2024\/06\/20221026_120744-2048x2048.jpg 2048w\" sizes=\"auto, (max-width: 2560px) 100vw, 2560px\" \/><\/figure>\n<\/div>\n<\/div>\n\n\n\n<div style=\"height:40px\" aria-hidden=\"true\" class=\"wp-block-spacer\"><\/div>\n<\/div><\/div>\n<\/div><\/div>\n\n\n\n<div class=\"wp-block-cover alignfull is-light wp-duotone-unset-2\" style=\"min-height:600px;aspect-ratio:unset;\"><span aria-hidden=\"true\" class=\"wp-block-cover__background has-nv-dark-bg-background-color has-background-dim-100 has-background-dim\"><\/span><div class=\"wp-block-cover__inner-container is-layout-flow wp-block-cover-is-layout-flow\">\n<div class=\"wp-block-group\"><div class=\"wp-block-group__inner-container is-layout-flow wp-block-group-is-layout-flow\">\n<div style=\"height:80px\" aria-hidden=\"true\" class=\"wp-block-spacer\"><\/div>\n\n\n\n<h2 class=\"wp-block-heading has-text-align-center has-neve-link-color-color has-text-color\">Sp\u00e9cialiste CLIMATISATION ET VOLETS STORES<\/h2>\n\n\n\n<hr class=\"wp-block-separator has-text-color has-neve-link-color-color has-alpha-channel-opacity has-neve-link-color-background-color has-background is-style-dots\"\/>\n\n\n\n<div class=\"wp-block-columns are-vertically-aligned-center is-layout-flex wp-container-core-columns-is-layout-9d6595d7 wp-block-columns-is-layout-flex\">\n<div class=\"wp-block-column is-vertically-aligned-center is-layout-flow wp-block-column-is-layout-flow\" style=\"flex-basis:50%\">\n<figure class=\"wp-block-image size-large is-resized\"><img loading=\"lazy\" decoding=\"async\" width=\"1024\" height=\"682\" src=\"https:\/\/www.rtte.fr\/wp-content\/uploads\/2024\/03\/climatisation-photo-1024x682.jpeg\" alt=\"\" class=\"wp-image-80\" style=\"aspect-ratio:1;object-fit:cover;width:566px;height:auto\" srcset=\"https:\/\/www.rtte.fr\/wp-content\/uploads\/2024\/03\/climatisation-photo-1024x682.jpeg 1024w, https:\/\/www.rtte.fr\/wp-content\/uploads\/2024\/03\/climatisation-photo-300x200.jpeg 300w, https:\/\/www.rtte.fr\/wp-content\/uploads\/2024\/03\/climatisation-photo-768x512.jpeg 768w, https:\/\/www.rtte.fr\/wp-content\/uploads\/2024\/03\/climatisation-photo-930x620.jpeg 930w, https:\/\/www.rtte.fr\/wp-content\/uploads\/2024\/03\/climatisation-photo.jpeg 1100w\" sizes=\"auto, (max-width: 1024px) 100vw, 1024px\" \/><\/figure>\n\n\n\n<div style=\"height:40px\" aria-hidden=\"true\" class=\"wp-block-spacer\"><\/div>\n<\/div>\n\n\n\n<div class=\"wp-block-column is-vertically-aligned-center is-layout-flow wp-block-column-is-layout-flow\" style=\"flex-basis:50%\">\n<figure class=\"wp-block-image size-large is-resized\"><img loading=\"lazy\" decoding=\"async\" width=\"1024\" height=\"768\" src=\"https:\/\/www.rtte.fr\/wp-content\/uploads\/2024\/03\/Volets-stores-1024x768.jpg\" alt=\"\" class=\"wp-image-81\" style=\"aspect-ratio:1;object-fit:cover;width:568px;height:auto\" srcset=\"https:\/\/www.rtte.fr\/wp-content\/uploads\/2024\/03\/Volets-stores-1024x768.jpg 1024w, https:\/\/www.rtte.fr\/wp-content\/uploads\/2024\/03\/Volets-stores-300x225.jpg 300w, https:\/\/www.rtte.fr\/wp-content\/uploads\/2024\/03\/Volets-stores-768x576.jpg 768w, https:\/\/www.rtte.fr\/wp-content\/uploads\/2024\/03\/Volets-stores-1536x1152.jpg 1536w, https:\/\/www.rtte.fr\/wp-content\/uploads\/2024\/03\/Volets-stores.jpg 2000w\" sizes=\"auto, (max-width: 1024px) 100vw, 1024px\" \/><\/figure>\n\n\n\n<div style=\"height:40px\" aria-hidden=\"true\" class=\"wp-block-spacer\"><\/div>\n<\/div>\n<\/div>\n\n\n\n<div style=\"height:40px\" aria-hidden=\"true\" class=\"wp-block-spacer\"><\/div>\n<\/div><\/div>\n<\/div><\/div>\n\n\n\n<div class=\"wp-block-cover alignfull is-light\" style=\"min-height:420px;aspect-ratio:unset;\"><span aria-hidden=\"true\" class=\"wp-block-cover__background has-nv-light-bg-background-color has-background-dim-100 has-background-dim\"><\/span><div class=\"wp-block-cover__inner-container is-layout-flow wp-block-cover-is-layout-flow\">\n<div style=\"height:80px\" aria-hidden=\"true\" class=\"wp-block-spacer\"><\/div>\n\n\n\n<div class=\"wp-block-columns is-layout-flex wp-container-core-columns-is-layout-9d6595d7 wp-block-columns-is-layout-flex\">\n<div class=\"wp-block-column is-layout-flow wp-block-column-is-layout-flow\">\n<figure class=\"wp-block-image size-full is-resized is-style-rounded\"><img loading=\"lazy\" decoding=\"async\" width=\"60\" height=\"60\" src=\"https:\/\/www.rtte.fr\/wp-content\/uploads\/2024\/04\/hubert.png\" alt=\"\" class=\"wp-image-119\" style=\"width:103px;height:auto\"\/><\/figure>\n\n\n\n<div style=\"height:24px\" aria-hidden=\"true\" class=\"wp-block-spacer\"><\/div>\n\n\n\n<p class=\"has-text-align-left has-neve-text-color-color has-text-color has-normal-font-size\">\u201cTr\u00e8s satisfait de ces nombreuses prestations depuis des ann\u00e9es .<br>Tr\u00e8s serieux pontuel et comp\u00e9tent .<br>JE RECOMMANDE VIVEMENT\u201d<\/p>\n\n\n\n<p class=\"has-neve-text-color-color has-text-color\">Hubert KTORZA<\/p>\n\n\n\n<div style=\"height:20px\" aria-hidden=\"true\" class=\"wp-block-spacer\"><\/div>\n<\/div>\n\n\n\n<div class=\"wp-block-column is-layout-flow wp-block-column-is-layout-flow\">\n<figure class=\"wp-block-image size-full is-resized is-style-rounded\"><img loading=\"lazy\" decoding=\"async\" width=\"139\" height=\"135\" src=\"https:\/\/www.rtte.fr\/wp-content\/uploads\/2024\/04\/kevin.jpg\" alt=\"\" class=\"wp-image-120\" style=\"width:105px;height:auto\"\/><\/figure>\n\n\n\n<div style=\"height:24px\" aria-hidden=\"true\" class=\"wp-block-spacer\"><\/div>\n\n\n\n<p class=\"has-text-align-left has-neve-text-color-color has-text-color has-normal-font-size\">\u201cTr\u00e8s professionnel et connait vraiment son m\u00e9tier\u201d<\/p>\n\n\n\n<p class=\"has-neve-text-color-color has-text-color\">Kevin MONTELEONE<\/p>\n\n\n\n<div style=\"height:20px\" aria-hidden=\"true\" class=\"wp-block-spacer\"><\/div>\n<\/div>\n\n\n\n<div class=\"wp-block-column is-layout-flow wp-block-column-is-layout-flow\">\n<figure class=\"wp-block-image size-large is-resized is-style-rounded\"><img loading=\"lazy\" decoding=\"async\" width=\"1024\" height=\"242\" src=\"https:\/\/www.rtte.fr\/wp-content\/uploads\/2024\/04\/SHIP-LOGO-1024x242.jpeg\" alt=\"\" class=\"wp-image-121\" style=\"width:215px;height:auto\" srcset=\"https:\/\/www.rtte.fr\/wp-content\/uploads\/2024\/04\/SHIP-LOGO-1024x242.jpeg 1024w, https:\/\/www.rtte.fr\/wp-content\/uploads\/2024\/04\/SHIP-LOGO-300x71.jpeg 300w, https:\/\/www.rtte.fr\/wp-content\/uploads\/2024\/04\/SHIP-LOGO-768x181.jpeg 768w, https:\/\/www.rtte.fr\/wp-content\/uploads\/2024\/04\/SHIP-LOGO.jpeg 1212w\" sizes=\"auto, (max-width: 1024px) 100vw, 1024px\" \/><\/figure>\n\n\n\n<div style=\"height:75px\" aria-hidden=\"true\" class=\"wp-block-spacer\"><\/div>\n\n\n\n<p class=\"has-text-align-left has-neve-text-color-color has-text-color has-normal-font-size\">\u201cR\u00e9actif, ponctuel, pro, comp\u00e9tent, pour du perso ou pro\u201d<\/p>\n\n\n\n<p class=\"has-text-align-left has-neve-text-color-color has-text-color has-normal-font-size\">SAS Ship Yacht Safety<\/p>\n\n\n\n<div style=\"height:20px\" aria-hidden=\"true\" class=\"wp-block-spacer\"><\/div>\n<\/div>\n<\/div>\n\n\n\n<div style=\"height:30px\" aria-hidden=\"true\" class=\"wp-block-spacer\"><\/div>\n<\/div><\/div>\n","protected":false},"excerpt":{"rendered":"<p>PLOMBERIE Installation salle d&rsquo;eau, WC, recherche de fuite CLIMATISATION Climatisation, Chauffage, Syst\u00e8me R\u00e9versible ELECTRICITE Installation neuve, Renovation, D\u00e9pannage<\/p>\n","protected":false},"author":1,"featured_media":0,"parent":0,"menu_order":0,"comment_status":"closed","ping_status":"closed","template":"","meta":{"neve_meta_sidebar":"","neve_meta_container":"","neve_meta_enable_content_width":"on","neve_meta_content_width":100,"neve_meta_title_alignment":"","neve_meta_author_avatar":"","neve_post_elements_order":"","neve_meta_disable_header":"","neve_meta_disable_footer":"","neve_meta_disable_title":"on","footnotes":""},"class_list":["post-23","page","type-page","status-publish","hentry"],"_links":{"self":[{"href":"https:\/\/www.rtte.fr\/index.php\/wp-json\/wp\/v2\/pages\/23","targetHints":{"allow":["GET"]}}],"collection":[{"href":"https:\/\/www.rtte.fr\/index.php\/wp-json\/wp\/v2\/pages"}],"about":[{"href":"https:\/\/www.rtte.fr\/index.php\/wp-json\/wp\/v2\/types\/page"}],"author":[{"embeddable":true,"href":"https:\/\/www.rtte.fr\/index.php\/wp-json\/wp\/v2\/users\/1"}],"replies":[{"embeddable":true,"href":"https:\/\/www.rtte.fr\/index.php\/wp-json\/wp\/v2\/comments?post=23"}],"version-history":[{"count":13,"href":"https:\/\/www.rtte.fr\/index.php\/wp-json\/wp\/v2\/pages\/23\/revisions"}],"predecessor-version":[{"id":321,"href":"https:\/\/www.rtte.fr\/index.php\/wp-json\/wp\/v2\/pages\/23\/revisions\/321"}],"wp:attachment":[{"href":"https:\/\/www.rtte.fr\/index.php\/wp-json\/wp\/v2\/media?parent=23"}],"curies":[{"name":"wp","href":"https:\/\/api.w.org\/{rel}","templated":true}]}}